{"id":2337,"date":"2022-08-01T12:13:47","date_gmt":"2022-08-01T10:13:47","guid":{"rendered":"https:\/\/www.stroh.be\/politique-en-matiere-de-durabilite\/"},"modified":"2022-08-01T12:21:19","modified_gmt":"2022-08-01T10:21:19","slug":"politique-en-matiere-de-durabilite","status":"publish","type":"page","link":"https:\/\/www.stroh.be\/de\/politique-en-matiere-de-durabilite\/","title":{"rendered":"Politique en mati\u00e8re de durabilit\u00e9"},"content":{"rendered":"\t\t<div data-elementor-type=\"wp-page\" data-elementor-id=\"2337\" class=\"elementor elementor-2337 elementor-2330\" data-elementor-post-type=\"page\">\n\t\t\t\t\t\t<section class=\"elementor-section elementor-top-section elementor-element elementor-element-115b7f1 elementor-section-boxed elementor-section-height-default elementor-section-height-default\" data-id=\"115b7f1\" data-element_type=\"section\" data-settings=\"{&quot;jet_parallax_layout_list&quot;:[]}\">\n\t\t\t\t\t\t<div class=\"elementor-container elementor-column-gap-default\">\n\t\t\t\t\t<div class=\"elementor-column elementor-col-100 elementor-top-column elementor-element elementor-element-e580df5\" data-id=\"e580df5\" data-element_type=\"column\">\n\t\t\t<div class=\"elementor-widget-wrap elementor-element-populated\">\n\t\t\t\t\t\t<div class=\"elementor-element elementor-element-5b7d395 elementor-widget elementor-widget-text-editor\" data-id=\"5b7d395\" data-element_type=\"widget\" data-widget_type=\"text-editor.default\">\n\t\t\t\t<div class=\"elementor-widget-container\">\n\t\t\t\t\t\t\t\t\t<h1>Politique en mati\u00e8re de durabilit\u00e9.<\/h1>\n<ol>\n \t<li><u><u> Politiques relatives aux risques en mati\u00e8re de durabilit\u00e9<\/u><\/u>&nbsp;\n\nConform\u00e9ment au R\u00e8glement europ\u00e9en sur la publication d\u2019informations en mati\u00e8re de durabilit\u00e9 dans le secteur des services financiers (\u00ab SFDR \u00bb &#8211; Sustainable Financial Disclosure Regulation) notre bureau int\u00e8gre, dans ses conseils en assurance relatifs aux produits d\u2019investissement fond\u00e9s sur l\u2019assurance, les risques en mati\u00e8re de durabilit\u00e9 dans la mesure o\u00f9 cette information est mise \u00e0 disposition par l\u2019entreprise d\u2019assurance.Le SFDR d\u00e9finit le risque en mati\u00e8re de durabilit\u00e9 comme \u00ab un \u00e9v\u00e9nement ou une situation dans le domaine environnemental (E), social (S) ou de la gouvernance (G) qui, s\u2019il survient, pourrait avoir une incidence n\u00e9gative importante, r\u00e9elle ou potentielle, sur la valeur de l\u2019investissement \u00bb.\n\nDans le cadre des conseils relatifs aux produits d\u2019investissement fond\u00e9s sur l\u2019assurance, la politique de r\u00e9mun\u00e9ration applicable au sein de notre bureau n&#8217;encourage pas une prise de risque excessive en mati\u00e8re de durabilit\u00e9.<\/li><br>\n \t<li><u><u>Incidences n\u00e9gatives sur les facteurs de durabilit\u00e9<\/u><\/u>&nbsp;\n\nLe SFDR a d\u00e9fini les facteurs de durabilit\u00e9 comme \u00ab des questions environnementales, sociales et de personnel, le respect des droits de l\u2019homme et la lutte contre la corruption et les actes de corruption \u00bb.Le cadre r\u00e9glementaire relatif aux facteurs de durabilit\u00e9 et aux incidences n\u00e9gatives des d\u00e9cisions d\u2019investissement sur les facteurs de durabilit\u00e9 est actuellement incomplet et \u00e9voluera encore au cours des prochains mois et ann\u00e9es.\n\nC\u2019est la raison pour laquelle notre bureau ne prend actuellement pas en compte les incidences n\u00e9gatives des d\u00e9cisions d\u2019investissement sur les facteurs de durabilit\u00e9 dans ses conseils en assurance relatifs aux produits d&#8217;investissement fond\u00e9s sur l&#8217;assurance.\n\nNotre bureau adaptera cette politique au fur et \u00e0 mesure de l\u2019\u00e9volution du cadre r\u00e9glementaire.<\/li>\n<\/ol>\n<p style=\"text-align: right;\">2 avril 2021<\/p>\t\t\t\t\t\t\t\t<\/div>\n\t\t\t\t<\/div>\n\t\t\t\t\t<\/div>\n\t\t<\/div>\n\t\t\t\t\t<\/div>\n\t\t<\/section>\n\t\t\t\t<\/div>\n\t\t","protected":false},"excerpt":{"rendered":"<p>Politique en mati\u00e8re de durabilit\u00e9. Politiques relatives aux risques en mati\u00e8re de durabilit\u00e9&nbsp; Conform\u00e9ment au R\u00e8glement europ\u00e9en sur la publication d\u2019informations en mati\u00e8re de durabilit\u00e9 dans le secteur des services financiers (\u00ab SFDR \u00bb &#8211; Sustainable Financial Disclosure Regulation) notre bureau int\u00e8gre, dans ses conseils en assurance relatifs aux produits d\u2019investissement fond\u00e9s sur l\u2019assurance, les [&hellip;]<\/p>\n","protected":false},"author":2,"featured_media":0,"parent":0,"menu_order":0,"comment_status":"closed","ping_status":"closed","template":"elementor_header_footer","meta":{"_acf_changed":false,"footnotes":""},"class_list":["post-2337","page","type-page","status-publish","hentry"],"acf":[],"_links":{"self":[{"href":"https:\/\/www.stroh.be\/de\/wp-json\/wp\/v2\/pages\/2337","targetHints":{"allow":["GET"]}}],"collection":[{"href":"https:\/\/www.stroh.be\/de\/wp-json\/wp\/v2\/pages"}],"about":[{"href":"https:\/\/www.stroh.be\/de\/wp-json\/wp\/v2\/types\/page"}],"author":[{"embeddable":true,"href":"https:\/\/www.stroh.be\/de\/wp-json\/wp\/v2\/users\/2"}],"replies":[{"embeddable":true,"href":"https:\/\/www.stroh.be\/de\/wp-json\/wp\/v2\/comments?post=2337"}],"version-history":[{"count":0,"href":"https:\/\/www.stroh.be\/de\/wp-json\/wp\/v2\/pages\/2337\/revisions"}],"wp:attachment":[{"href":"https:\/\/www.stroh.be\/de\/wp-json\/wp\/v2\/media?parent=2337"}],"curies":[{"name":"wp","href":"https:\/\/api.w.org\/{rel}","templated":true}]}}